{"id":1471,"date":"2017-04-20T00:57:17","date_gmt":"2017-04-20T00:57:17","guid":{"rendered":"http:\/\/easyhomeorganizer.com\/wpezhm\/product\/j-rosee-jewelry-organizer-valentines-day-romantic-gifts-travel-black-leather-jewelry-box-lockable-makeup-storage-case-with-mirror\/"},"modified":"2018-10-19T21:42:08","modified_gmt":"2018-10-20T02:42:08","slug":"j-rosee-jewelry-organizer-valentines-day-romantic-gifts-travel-black-leather-jewelry-box-lockable-makeup-storage-case-with-mirror","status":"publish","type":"product","link":"http:\/\/easyhomeorganizer.com\/wpezhm\/product\/j-rosee-jewelry-organizer-valentines-day-romantic-gifts-travel-black-leather-jewelry-box-lockable-makeup-storage-case-with-mirror\/","title":{"rendered":"J.Ros\u00e9e Jewelry Organizer Valentine&#8217;s Day Romantic Gifts Travel Black Leather Jewelry Box Lockable Makeup Storage Case with Mirror"},"content":{"rendered":"<p><b>*Brand Concept*<\/b><\/p>\n<p>In the long journey of human life, there are many valuable moments worthy of recalling and remembering, just like encounter, guard, rebirth, growth, establishment of ideals and fulfillment of dreams.J.Ros\u00e9e has always been accompanying you whenever and wherever wholeheartedly.J.Ros\u00e9e can be a love token that engraved with genuine affection and solemn commitments. It also can be a beautiful present that expressing overflowed blessings. The significance of J.Ros\u00e9e lies on the representation of true love.J.Ros\u00e9e has been making jewelry with whole heart and soul. It concentrates on quality and service and focuses on details. Even for the tiniest parts, it will exert all her energies to to carve and polish over and over again. It is self-evident that each jewelry contains our cordial affection.<\/p>\n<p><b>*Brand Origin*<\/b><\/p>\n<p>The word J.Ros\u00e9e means jeweley in English and Ros\u00e9e (dewdrops in English) in French. The name gives exact expression to the style of J.Ros\u00e9e, spirituality and unrivaled delicacy. It also hold the best wishes that love can be the same as dewdrops, keeping transparent and pure.<\/p>\n<p><b>*Brand Style*<\/b><br \/>The J.Ros\u00e9e is mainly made of silver925 and zirconia. Matched with colors and original designs, the jewelry looks simple but not plain. With gentle and proper collocations, the jewelry is absorbed in creating a New Light-luxury value.<\/p>\n<p><b>Why J.Ros\u00e9e?<\/b>\u200f <\/p>\n<p> &#8211; 100% high quality,exquisite workmanship.Exclusively sold by Authorized J.Ros\u00e9e distributor only. <br \/> &#8211; 100% dedication to customer satisfaction-love these jewelries or your money back <br \/> &#8211; Well packed, elegant jewelry box, gift card free-do it, do it best! <br \/> &#8211; Bring you good luck- for engagement? She will love it, and say YES!!! <br \/> &#8211; Factory outlets- no more charge, lowest price. <br \/> &#8211; Amazing customer service &#8211; fashion for life, customers for life.<br \/>\n\u2764\u00a0EXQUISITE WORKMANSHIP &amp; METICULOUS STITCHING &#8211;\u00a0Soft faux leather exterior, with a cushiony velvet interior,\u00a0checker board pattern on the top with the different textured squares bring attractive appearance and durable quality.<br \/>\n\u2764 LARGE CAPACITY &amp; DIVERSIFIED STRUCTURES &#8211;\u00a010&#8243; x 10&#8243; x 2&#8243;,plus smaller 6&#8243; x 3&#8243; x 1 1\/4&#8243; removable box, bottom has several separators for bigger things, 3 removable layers provide plenty of compartments to hold your jewelry from earrings to large bulky necklaces,2 cushiony watch holders keep your watches in order.<br \/>\n\u2764 TRAVEL HANDAY CASE &amp; SECURE CLOSURES &#8211; Smart\u00a0removable travel size jewelry tray for short trips with snap button closure,the whole case does have a locking latch and even includes a key that adds security.<br \/>\n\u2764 GLASS MIRRORED LIDS &amp; FLEXIABLE DESGIN &#8211; Both little travel box and the big one have mirrors,pulled forward and leaned against the front of the jewelry box,great for applying makeup and dressing up.<br \/>\n\u2764 WARANTY &#8211; If any problem of quality, can exchange the new one with same type, within 30 days after the receipt of her,plus a lifetime satisfaction guarantee.<br \/>\n<div class=\"main-cross-sell\" data-asin=\"B01EYCQNRS\">\n\n\t<div class=\"AmzStore-cross-sell-loader\">\n\t\t<div>\n\t\t\t<div id=\"floatingBarsG\">\n\t\t\t\t<div class=\"blockG\" id=\"rotateG_01\"><\/div>\n\t\t\t\t<div class=\"blockG\" id=\"rotateG_02\"><\/div>\n\t\t\t\t<div class=\"blockG\" id=\"rotateG_03\"><\/div>\n\t\t\t\t<div class=\"blockG\" id=\"rotateG_04\"><\/div>\n\t\t\t\t<div class=\"blockG\" id=\"rotateG_05\"><\/div>\n\t\t\t\t<div class=\"blockG\" id=\"rotateG_06\"><\/div>\n\t\t\t\t<div class=\"blockG\" id=\"rotateG_07\"><\/div>\n\t\t\t\t<div class=\"blockG\" id=\"rotateG_08\"><\/div>\n\t\t\t<\/div>\n\t\t\t<div class=\"AmzStore-cross-sell-loader-text\"><\/div>\n\t\t<\/div>\n\t<\/div>\n\n\t\t\n<\/div>\n<div style=\"clear:both;\"><\/div><\/p>\n","protected":false},"excerpt":{"rendered":"<p>\u2764\u00a0EXQUISITE WORKMANSHIP &amp; METICULOUS STITCHING &#8211;\u00a0Soft faux leather exterior, with a cushiony velvet interior,\u00a0checker board pattern on the top with the different textured squares bring attractive appearance and durable quality.<br \/>\n\u2764 LARGE CAPACITY &amp; DIVERSIFIED STRUCTURES &#8211;\u00a010&#8243; x 10&#8243; x 2&#8243;,plus smaller 6&#8243; x 3&#8243; x 1 1\/4&#8243; removable box, bottom has several separators for bigger things, 3 removable layers provide plenty of compartments to hold your jewelry from earrings to large bulky necklaces,2 cushiony watch holders keep your watches in order.<br \/>\n\u2764 TRAVEL HANDAY CASE &amp; SECURE CLOSURES &#8211; Smart\u00a0removable travel size jewelry tray for short trips with snap button closure,the whole case does have a locking latch and even includes a key that adds security.<\/p>\n","protected":false},"featured_media":1472,"comment_status":"open","ping_status":"closed","template":"","meta":[],"product_brand":[],"product_cat":[81,83,1236,84,82],"product_tag":[],"class_list":{"0":"post-1471","1":"product","2":"type-product","3":"status-publish","4":"has-post-thumbnail","6":"product_cat-clothing-shoes-and-jewelry","7":"product_cat-jewelry-accessories","8":"product_cat-jewelry-boxes","9":"product_cat-jewelry-boxes-and-organizers","10":"product_cat-shoe-jewelry-and-watch-accessories","11":"pa_binding-kitchen","12":"pa_brand-j-rosee","13":"pa_catalognumberlist-eg-52318","14":"pa_color-black","15":"pa_ean-1357","16":"pa_eanlist-1358","17":"pa_itemdimensions-1004-hundredths-inches-1004-hundredths-inches-335-hundredths-inches","18":"pa_label-j-rosee","19":"pa_manufacturer-j-rosee","20":"pa_model-kfp6hg7","21":"pa_mpn-b01eycqnrs","22":"pa_packagedimensions-360-hundredths-inches-1050-hundredths-inches-355-hundredths-pounds-1030-hundredths-inches","23":"pa_packagequantity-52","24":"pa_partnumber-b01eycqnrs","25":"pa_productgroup-home","26":"pa_producttypename-home","27":"pa_publisher-j-rosee","28":"pa_size-25-525-58-5cm","29":"pa_studio-j-rosee","30":"pa_upc-1369","31":"pa_upclist-1370","33":"first","34":"instock","35":"taxable","36":"shipping-taxable","37":"purchasable","38":"product-type-simple"},"_links":{"self":[{"href":"http:\/\/easyhomeorganizer.com\/wpezhm\/wp-json\/wp\/v2\/product\/1471","targetHints":{"allow":["GET"]}}],"collection":[{"href":"http:\/\/easyhomeorganizer.com\/wpezhm\/wp-json\/wp\/v2\/product"}],"about":[{"href":"http:\/\/easyhomeorganizer.com\/wpezhm\/wp-json\/wp\/v2\/types\/product"}],"replies":[{"embeddable":true,"href":"http:\/\/easyhomeorganizer.com\/wpezhm\/wp-json\/wp\/v2\/comments?post=1471"}],"wp:featuredmedia":[{"embeddable":true,"href":"http:\/\/easyhomeorganizer.com\/wpezhm\/wp-json\/wp\/v2\/media\/1472"}],"wp:attachment":[{"href":"http:\/\/easyhomeorganizer.com\/wpezhm\/wp-json\/wp\/v2\/media?parent=1471"}],"wp:term":[{"taxonomy":"product_brand","embeddable":true,"href":"http:\/\/easyhomeorganizer.com\/wpezhm\/wp-json\/wp\/v2\/product_brand?post=1471"},{"taxonomy":"product_cat","embeddable":true,"href":"http:\/\/easyhomeorganizer.com\/wpezhm\/wp-json\/wp\/v2\/product_cat?post=1471"},{"taxonomy":"product_tag","embeddable":true,"href":"http:\/\/easyhomeorganizer.com\/wpezhm\/wp-json\/wp\/v2\/product_tag?post=1471"}],"curies":[{"name":"wp","href":"https:\/\/api.w.org\/{rel}","templated":true}]}}